{"id":113,"date":"2014-01-06T00:14:19","date_gmt":"2014-01-05T22:14:19","guid":{"rendered":"http:\/\/bassgeigengala.de\/wordpress\/?page_id=113"},"modified":"2021-03-08T11:07:48","modified_gmt":"2021-03-08T09:07:48","slug":"impressum","status":"publish","type":"page","link":"http:\/\/bassgeigengala.de\/?page_id=113","title":{"rendered":"Impressum"},"content":{"rendered":"<!-- PMB print buttons is only displayed on a single post\/page URLs--><p><!--<span style=\"color: #4f112c; font-family: Helvetica,Geneva,Arial,SunSans-Regular,sans-serif;\"><strong>Veranstalter der Bassgeigengala:\n<\/strong><\/span><span style=\"font-family: Helvetica,Geneva,Arial,SunSans-Regular,sans-serif;\"> Stadt Bernburg (Saale)\nSchul-, Kultur- und Sportamt\nSchlo\u00dfgartenstra\u00dfe 16\n06406 Bernburg\nTel. 03471\/659209\nFax 03471\/659301\nE-Mail: <a href=\"mailto:kerstin.schmidt.stadt@bernburg.de\">kerstin.schmidt.stadt@bernburg.de<\/a>\n<a href=\"http:\/\/www.bernburg.de\" target=\"_blank\" rel=\"noopener noreferrer\"> www.bernburg.de<\/a>--><\/p>\n<p><span style=\"color: #4f112c; font-family: Helvetica,Geneva,Arial,SunSans-Regular,sans-serif;\"><strong>Betreiber der Website<br \/><\/strong>(verantwortlich f\u00fcr den Inhalt des Webangebotes)<strong>:<br \/><\/strong><\/span><span style=\"font-family: Helvetica,Geneva,Arial,SunSans-Regular,sans-serif;\">Ingo Burghausen<br \/>K\u00fcnstlerischer Leiter der Bassgeigengala<br \/>Funkplatz 9<br \/>06844 Dessau<br \/>Tel. +49 (0) 340 75898425<br \/>E-Mail: <a href=\"mailto:burghausen@bassgeigengala.de\">burghausen@bassgeigengala.de<\/a><br \/><\/span><\/p>\n<p><span style=\"font-family: Helvetica,Geneva,Arial,SunSans-Regular,sans-serif;\">Fotos \/ Videos:<br \/><\/span><span style=\"font-family: Helvetica,Geneva,Arial,SunSans-Regular,sans-serif;\">Sebastian Frank | Martin Heinrich | Stadt Bernburg | J\u00f6rn Kerber<br \/>Teilnehmer der Bassgeigengala und Bassgeigenweihnacht<\/span><\/p>\n<p><span style=\"color: #4f112c;\"><strong>Disclaimer <\/strong>(Haftungsausschluss f\u00fcr das Webangebot)<\/span><b><span style=\"color: #4f112c;\">:<\/span><\/b><br \/><b><br \/><\/b><span style=\"text-decoration: underline;\">Inhalt des Webangebotes<br \/><\/span>Der Betreiber der Website ist bem\u00fcht, sein Webangebot stets aktuell und inhaltlich richtig sowie vollst\u00e4ndig anzubieten. Dennoch ist das Auftreten von Fehlern nicht v\u00f6llig auszuschlie\u00dfen.<\/p>\n<p>Der Betreiber der Website \u00fcbernimmt keine Haftung f\u00fcr die Aktualit\u00e4t, die inhaltliche Richtigkeit sowie f\u00fcr die Vollst\u00e4ndigkeit der in seinem Webangebot eingestellten Informationen, es sei denn die Fehler wurden vors\u00e4tzlich oder grob fahrl\u00e4ssig aufgenommen. Dies bezieht sich auf eventuelle Sch\u00e4den materieller oder ideeller Art Dritter, die durch die Nutzung dieses Webangebotes verursacht wurden.<\/p>\n<p><span style=\"text-decoration: underline;\"> Copyright<\/span><br \/>Das Layout der Website, die verwendeten Grafiken und Bilder, die Sammlung sowie einzelnen Beitr\u00e4ge sind urheberrechtlich gesch\u00fctzt.<\/p>\n<p>Alle Rechte, auch die der fotomechanischen Wiedergabe, der Vervielf\u00e4ltigung und der Verbreitung mittels besonderer Verfahren (zum Beispiel Datenverarbeitung, Datentr\u00e4ger und Datennetze), auch teilweise, beh\u00e4lt sich der Betreiber der Website vor.<\/p>\n<p><span style=\"text-decoration: underline;\"> Externe Verweise und Links<br \/><\/span>Mit Urteil vom 12. Mai 1998 hat das LG Hamburg entschieden, dass man durch die Ausbringung eines Links die Inhalte der gelinkten Seite ggf. mit zu verantworten hat. Dies kann, so das LG, nur dadurch verhindert werden, dass man sich ausdr\u00fccklich von diesen Inhalten distanziert.<\/p>\n<p>Der Betreiber der Website hat auf seinen Seiten Links zu Seiten im Internet gelegt, deren Inhalt und Aktualisierung nicht seinem Einflussbereich unterliegen. F\u00fcr alle diese Links gilt:<\/p>\n<p>&#8222;Der Betreiber der Website hat keinen Einfluss auf Gestaltung und Inhalte fremder Internetseiten. Er distanziert sich daher von allen fremden Inhalten, auch wenn von Seiten des Betreibers der Website auf diese externe Seiten ein Link gesetzt wurde.&#8220;<\/p>\n<p>Diese Erkl\u00e4rung gilt f\u00fcr alle auf dieser Website angezeigten Links und f\u00fcr alle Inhalte der Seiten, zu denen die beim Betreiber der Website angemeldete Banner und Links f\u00fchren.<\/p>\n<p><span style=\"text-decoration: underline;\"> Datenschutz<\/span><br \/>Sofern innerhalb des Internetangebotes die M\u00f6glichkeit der Eingabe von pers\u00f6nlichen Daten (E-Mailadresse, Namen, Anschriften) besteht, erfolgt diese freiwillig. Der Betreiber der Website erkl\u00e4rt ausdr\u00fccklich, dass er diese Daten nicht an Dritte weitergibt.<\/p>\n<p>Weitere Informationen finden Sie unter dem Men\u00fcpunkt <a href=\"http:\/\/bassgeigengala.de\/?page_id=1108\">Datenschutz<\/a>.<\/p>\n<p><span style=\"text-decoration: underline;\"> Rechtswirksamkeit<\/span><br \/>Dieser Haftungsausschluss ist Teil des Internetangebotes des Betreibers der Website. Sofern einzelne Formulierungen oder Teile dieses Textes der geltenden Rechtslage nicht mehr oder nicht mehr vollst\u00e4ndig entsprechen, bleiben die \u00fcbrigen Teile dieser Erkl\u00e4rung davon unber\u00fchrt.<\/p>\n\n\n<p><\/p>\n","protected":false},"excerpt":{"rendered":"<p>Betreiber der Website(verantwortlich f\u00fcr den Inhalt des Webangebotes):Ingo BurghausenK\u00fcnstlerischer Leiter der BassgeigengalaFunkplatz 906844 DessauTel. +49 (0) 340 75898425E-Mail: burghausen@bassgeigengala.de Fotos \/ Videos:Sebastian Frank | Martin Heinrich | Stadt Bernburg | J\u00f6rn KerberTeilnehmer der Bassgeigengala und Bassgeigenweihnacht Disclaimer (Haftungsausschluss f\u00fcr das &hellip; <a href=\"http:\/\/bassgeigengala.de\/?page_id=113\">Weiterlesen <span class=\"meta-nav\">&rarr;<\/span><\/a><\/p>\n","protected":false},"author":1,"featured_media":0,"parent":0,"menu_order":7,"comment_status":"closed","ping_status":"closed","template":"","meta":{"footnotes":""},"class_list":["post-113","page","type-page","status-publish","hentry"],"_links":{"self":[{"href":"http:\/\/bassgeigengala.de\/index.php?rest_route=\/wp\/v2\/pages\/113","targetHints":{"allow":["GET"]}}],"collection":[{"href":"http:\/\/bassgeigengala.de\/index.php?rest_route=\/wp\/v2\/pages"}],"about":[{"href":"http:\/\/bassgeigengala.de\/index.php?rest_route=\/wp\/v2\/types\/page"}],"author":[{"embeddable":true,"href":"http:\/\/bassgeigengala.de\/index.php?rest_route=\/wp\/v2\/users\/1"}],"replies":[{"embeddable":true,"href":"http:\/\/bassgeigengala.de\/index.php?rest_route=%2Fwp%2Fv2%2Fcomments&post=113"}],"version-history":[{"count":6,"href":"http:\/\/bassgeigengala.de\/index.php?rest_route=\/wp\/v2\/pages\/113\/revisions"}],"predecessor-version":[{"id":1550,"href":"http:\/\/bassgeigengala.de\/index.php?rest_route=\/wp\/v2\/pages\/113\/revisions\/1550"}],"wp:attachment":[{"href":"http:\/\/bassgeigengala.de\/index.php?rest_route=%2Fwp%2Fv2%2Fmedia&parent=113"}],"curies":[{"name":"wp","href":"https:\/\/api.w.org\/{rel}","templated":true}]}}