{"id":16,"date":"2014-01-05T03:07:15","date_gmt":"2014-01-05T01:07:15","guid":{"rendered":"http:\/\/bassgeigengala.de\/wordpress\/?page_id=16"},"modified":"2019-05-22T16:31:50","modified_gmt":"2019-05-22T14:31:50","slug":"sponsoren","status":"publish","type":"page","link":"http:\/\/bassgeigengala.de\/?page_id=16","title":{"rendered":"Sponsoren"},"content":{"rendered":"<!-- PMB print buttons is only displayed on a single post\/page URLs--><p><span style=\"color: #4f112c; font-family: Helvetica,Geneva,Arial,SunSans-Regular,sans-serif;\"><strong>Dankesch\u00f6n&#8230;<\/strong><\/span><\/p>\n<p>Die Initiatoren, Organisatoren, Dozenten und Mitwirkenden danken den folgenden Institutionen, Firmen und Privatpersonen herzlich f\u00fcr die best\u00e4ndige wie gro\u00dfz\u00fcgige Unterst\u00fctzung der Bassgeigengala!<\/p>\n<p><a href=\"http:\/\/www.dessau.de\/Deutsch\/Bildung-und-Freizeit\/Musikschule\/Kontakt\/\"><img decoding=\"async\" class=\"aligncenter wp-image-755\" src=\"http:\/\/bassgeigengala.de\/wordpress\/wp-content\/uploads\/2014\/01\/kurt_weill.jpg\" alt=\"kurt_weill\" width=\"200\" height=\"183\" srcset=\"http:\/\/bassgeigengala.de\/wordpress\/wp-content\/uploads\/2014\/01\/kurt_weill.jpg 312w, http:\/\/bassgeigengala.de\/wordpress\/wp-content\/uploads\/2014\/01\/kurt_weill-300x275.jpg 300w\" sizes=\"(max-width: 200px) 100vw, 200px\" \/><\/a><\/p>\n<p style=\"text-align: center;\"><a href=\"http:\/\/www.dessau.de\/Deutsch\/Bildung-und-Freizeit\/Musikschule\/Kontakt\/\">Musikschule &#8222;Kurt Weill&#8220;<\/a><\/p>\n<p><img decoding=\"async\" class=\" size-medium wp-image-728 aligncenter\" src=\"http:\/\/bassgeigengala.de\/wordpress\/wp-content\/uploads\/2014\/01\/logo-300x245.jpg\" alt=\"logo\" width=\"200\" srcset=\"http:\/\/bassgeigengala.de\/wordpress\/wp-content\/uploads\/2014\/01\/logo-300x245.jpg 300w, http:\/\/bassgeigengala.de\/wordpress\/wp-content\/uploads\/2014\/01\/logo-1200x979.jpg 1200w, http:\/\/bassgeigengala.de\/wordpress\/wp-content\/uploads\/2014\/01\/logo-368x300.jpg 368w, http:\/\/bassgeigengala.de\/wordpress\/wp-content\/uploads\/2014\/01\/logo.jpg 1572w\" sizes=\"(max-width: 300px) 100vw, 300px\" \/><\/p>\n<p style=\"text-align: center;\">F\u00f6rderkreis der Musikschule &#8222;Kurt Weill&#8220; e.V.<\/p>\n<p style=\"text-align: center;\"><a href=\"http:\/\/www.anhaltisches-theater.de\/\"><img decoding=\"async\" class=\"alignnone wp-image-897 size-medium\" src=\"http:\/\/bassgeigengala.de\/wordpress\/wp-content\/uploads\/2014\/01\/ATD_Logo_1_CMYK-300x47.jpg\" alt=\"0002 150827 ATD Logo_final.indd\" width=\"300\" height=\"47\" srcset=\"http:\/\/bassgeigengala.de\/wordpress\/wp-content\/uploads\/2014\/01\/ATD_Logo_1_CMYK-300x47.jpg 300w, http:\/\/bassgeigengala.de\/wordpress\/wp-content\/uploads\/2014\/01\/ATD_Logo_1_CMYK-768x120.jpg 768w, http:\/\/bassgeigengala.de\/wordpress\/wp-content\/uploads\/2014\/01\/ATD_Logo_1_CMYK-1200x187.jpg 1200w, http:\/\/bassgeigengala.de\/wordpress\/wp-content\/uploads\/2014\/01\/ATD_Logo_1_CMYK-500x78.jpg 500w, http:\/\/bassgeigengala.de\/wordpress\/wp-content\/uploads\/2014\/01\/ATD_Logo_1_CMYK.jpg 1767w\" sizes=\"(max-width: 300px) 100vw, 300px\" \/><\/a><\/p>\n<p style=\"text-align: center;\"><a href=\"http:\/\/www.anhaltisches-theater.de\/\">Anhaltisches Theater Dessau<\/a><\/p>\n<p style=\"text-align: center;\"><a href=\"http:\/\/www.bernburg.de\/\"><img decoding=\"async\" class=\"alignnone size-medium wp-image-954\" src=\"http:\/\/bassgeigengala.de\/wordpress\/wp-content\/uploads\/2014\/01\/Logo_Bernburg-300x112.png\" alt=\"Logo_Bernburg\" width=\"300\" height=\"112\" srcset=\"http:\/\/bassgeigengala.de\/wordpress\/wp-content\/uploads\/2014\/01\/Logo_Bernburg-300x112.png 300w, http:\/\/bassgeigengala.de\/wordpress\/wp-content\/uploads\/2014\/01\/Logo_Bernburg-768x286.png 768w, http:\/\/bassgeigengala.de\/wordpress\/wp-content\/uploads\/2014\/01\/Logo_Bernburg-500x186.png 500w, http:\/\/bassgeigengala.de\/wordpress\/wp-content\/uploads\/2014\/01\/Logo_Bernburg.png 1046w\" sizes=\"(max-width: 300px) 100vw, 300px\" \/><br \/>\nVeranstalter der Bassgeigengala: Stadt Bernburg<\/a><\/p>\n<p style=\"text-align: center;\"><a href=\"http:\/\/www.orchesterstiftung.de\/\"><img decoding=\"async\" class=\"alignnone wp-image-892 size-full\" src=\"http:\/\/bassgeigengala.de\/wordpress\/wp-content\/uploads\/2014\/01\/Logo_DOS.jpg\" alt=\"Logo_DOS\" width=\"250\" height=\"194\" \/><\/a><\/p>\n<p style=\"text-align: center;\"><a href=\"http:\/\/www.orchesterstiftung.de\/\">Deutsche Orchesterstiftung<\/a><\/p>\n<p style=\"text-align: center;\"><a href=\"http:\/\/www.bassico.eu\/\"><img decoding=\"async\" class=\"alignnone wp-image-894 size-full\" src=\"http:\/\/bassgeigengala.de\/wordpress\/wp-content\/uploads\/2014\/01\/Logo_bassico.jpg\" alt=\"Logo_bassico\" width=\"247\" height=\"149\" \/><\/a><\/p>\n<p style=\"text-align: center;\"><a href=\"https:\/\/www.bassico.eu\/\">bassico<\/a><\/p>\n<p><!--\n\n\n<p style=\"text-align: center;\"><a href=\"http:\/\/salzlandsparkasse.de\/\"><img decoding=\"async\" class=\"size-full wp-image-180 aligncenter\" style=\"border: 0px none;\" src=\"http:\/\/bassgeigengala.de\/wordpress\/wp-content\/uploads\/2014\/01\/sparkasse-logo.jpg\" alt=\"sparkasse-logo\" width=\"400\" height=\"75\" srcset=\"http:\/\/bassgeigengala.de\/wordpress\/wp-content\/uploads\/2014\/01\/sparkasse-logo.jpg 400w, http:\/\/bassgeigengala.de\/wordpress\/wp-content\/uploads\/2014\/01\/sparkasse-logo-300x56.jpg 300w\" sizes=\"(max-width: 400px) 100vw, 400px\" \/>Salzlandsparkasse<\/a><\/p>\n\n\n\n\n<p style=\"text-align: center;\"><a href=\"http:\/\/www.gartenreich.com\"><img decoding=\"async\" class=\"size-full wp-image-182 aligncenter\" style=\"border: 0px none;\" src=\"http:\/\/bassgeigengala.de\/wordpress\/wp-content\/uploads\/2014\/01\/woerlitz-logo.jpg\" alt=\"woerlitz-logo\" width=\"102\" height=\"144\" \/>Kulturstiftung Dessau W\u00f6rlitz<\/a><\/p>\n\n\n--><\/p>\n<p style=\"text-align: center;\"><img decoding=\"async\" class=\"alignnone size-medium wp-image-1160\" src=\"http:\/\/bassgeigengala.de\/wordpress\/wp-content\/uploads\/2019\/05\/Oberbergen_Logo-300x226.jpg\" alt=\"\" width=\"300\" height=\"226\" srcset=\"http:\/\/bassgeigengala.de\/wordpress\/wp-content\/uploads\/2019\/05\/Oberbergen_Logo-300x226.jpg 300w, http:\/\/bassgeigengala.de\/wordpress\/wp-content\/uploads\/2019\/05\/Oberbergen_Logo-768x579.jpg 768w, http:\/\/bassgeigengala.de\/wordpress\/wp-content\/uploads\/2019\/05\/Oberbergen_Logo-1200x904.jpg 1200w, http:\/\/bassgeigengala.de\/wordpress\/wp-content\/uploads\/2019\/05\/Oberbergen_Logo-398x300.jpg 398w\" sizes=\"(max-width: 300px) 100vw, 300px\" \/><\/p>\n<p style=\"text-align: center;\"><a href=\"http:\/\/www.wg-oberbergen.com\/\">Winzergenossenschaft Oberbergen<\/a><\/p>\n<p style=\"text-align: center;\"><a href=\"http:\/\/www.musikschulen-in-sachsen-anhalt.de\/site\/index.php?id=1\"><img decoding=\"async\" class=\"alignnone size-medium wp-image-903\" src=\"http:\/\/bassgeigengala.de\/wordpress\/wp-content\/uploads\/2014\/01\/Unbenannt-300x55.jpg\" alt=\"Unbenannt\" width=\"300\" height=\"55\" srcset=\"http:\/\/bassgeigengala.de\/wordpress\/wp-content\/uploads\/2014\/01\/Unbenannt-300x55.jpg 300w, http:\/\/bassgeigengala.de\/wordpress\/wp-content\/uploads\/2014\/01\/Unbenannt-768x142.jpg 768w, http:\/\/bassgeigengala.de\/wordpress\/wp-content\/uploads\/2014\/01\/Unbenannt-500x92.jpg 500w, http:\/\/bassgeigengala.de\/wordpress\/wp-content\/uploads\/2014\/01\/Unbenannt.jpg 795w\" sizes=\"(max-width: 300px) 100vw, 300px\" \/><\/a><\/p>\n<p style=\"text-align: center;\"><a href=\"http:\/\/www.musikschulen-in-sachsen-anhalt.de\/site\/index.php?id=1\">Landesverband der Musikschulen Sachsen-Anhalt e.V.<\/a><\/p>\n<p style=\"text-align: center;\"><a href=\"http:\/\/www.dessau.de\/\"><img decoding=\"async\" class=\"alignnone wp-image-902 size-medium\" src=\"http:\/\/bassgeigengala.de\/wordpress\/wp-content\/uploads\/2014\/01\/Stadt_Dessau_Rosslau_Logo-246x300.jpg\" alt=\"Stadt_Dessau_Rosslau_Logo\" width=\"246\" height=\"300\" srcset=\"http:\/\/bassgeigengala.de\/wordpress\/wp-content\/uploads\/2014\/01\/Stadt_Dessau_Rosslau_Logo-246x300.jpg 246w, http:\/\/bassgeigengala.de\/wordpress\/wp-content\/uploads\/2014\/01\/Stadt_Dessau_Rosslau_Logo.jpg 293w\" sizes=\"(max-width: 246px) 100vw, 246px\" \/><\/a><\/p>\n<p style=\"text-align: center;\"><a href=\"http:\/\/www.dessau.de\/\">Stadt Dessau-Ro\u00dflau<\/a><\/p>\n","protected":false},"excerpt":{"rendered":"<p>Dankesch\u00f6n&#8230; Die Initiatoren, Organisatoren, Dozenten und Mitwirkenden danken den folgenden Institutionen, Firmen und Privatpersonen herzlich f\u00fcr die best\u00e4ndige wie gro\u00dfz\u00fcgige Unterst\u00fctzung der Bassgeigengala! Musikschule &#8222;Kurt Weill&#8220; F\u00f6rderkreis der Musikschule &#8222;Kurt Weill&#8220; e.V. Anhaltisches Theater Dessau Veranstalter der Bassgeigengala: Stadt Bernburg &hellip; <a href=\"http:\/\/bassgeigengala.de\/?page_id=16\">Weiterlesen <span class=\"meta-nav\">&rarr;<\/span><\/a><\/p>\n","protected":false},"author":1,"featured_media":0,"parent":0,"menu_order":4,"comment_status":"closed","ping_status":"closed","template":"","meta":{"footnotes":""},"class_list":["post-16","page","type-page","status-publish","hentry"],"_links":{"self":[{"href":"http:\/\/bassgeigengala.de\/index.php?rest_route=\/wp\/v2\/pages\/16","targetHints":{"allow":["GET"]}}],"collection":[{"href":"http:\/\/bassgeigengala.de\/index.php?rest_route=\/wp\/v2\/pages"}],"about":[{"href":"http:\/\/bassgeigengala.de\/index.php?rest_route=\/wp\/v2\/types\/page"}],"author":[{"embeddable":true,"href":"http:\/\/bassgeigengala.de\/index.php?rest_route=\/wp\/v2\/users\/1"}],"replies":[{"embeddable":true,"href":"http:\/\/bassgeigengala.de\/index.php?rest_route=%2Fwp%2Fv2%2Fcomments&post=16"}],"version-history":[{"count":38,"href":"http:\/\/bassgeigengala.de\/index.php?rest_route=\/wp\/v2\/pages\/16\/revisions"}],"predecessor-version":[{"id":1161,"href":"http:\/\/bassgeigengala.de\/index.php?rest_route=\/wp\/v2\/pages\/16\/revisions\/1161"}],"wp:attachment":[{"href":"http:\/\/bassgeigengala.de\/index.php?rest_route=%2Fwp%2Fv2%2Fmedia&parent=16"}],"curies":[{"name":"wp","href":"https:\/\/api.w.org\/{rel}","templated":true}]}}