{"id":2,"date":"2014-01-05T00:33:24","date_gmt":"2014-01-04T22:33:24","guid":{"rendered":"http:\/\/bassgeigengala.de\/wordpress\/?page_id=2"},"modified":"2025-10-02T22:01:42","modified_gmt":"2025-10-02T20:01:42","slug":"beispiel-seite","status":"publish","type":"page","link":"https:\/\/bassgeigengala.de\/","title":{"rendered":"Willkommen zur Bassgeigengala"},"content":{"rendered":"<!-- PMB print buttons is only displayed on a single post\/page URLs--><p><img decoding=\"async\" class=\"alignleft\" style=\"border: 0px none;\" src=\"http:\/\/bassgeigengala.de\/wordpress\/wp-content\/uploads\/2014\/01\/2013_01.jpg\" alt=\"\" width=\"200\" height=\"150\" \/><\/p>\n<p>Auf unserer Internetseite erfahrt ihr alles Wissenswerte rund um die Bassgeigengala und -weihnacht &#8211; Egal ob aktuelle Termine, Fotoimpressionen oder Videos der vergangenen Jahre. Auch bei den sozialen Netzwerken sind wir zu finden, sodass ihr nie wieder etwas verpasst.<\/p>\n<div>\u00a0<\/div>\n\n\n<hr class=\"wp-block-separator has-css-opacity aligncenter is-style-wide\"\/>\n\n\n\n<h2 class=\"wp-block-heading\">Save-the-Date: &#8222;<strong>Bassgeigengala <\/strong>on Tour&#8220; am 01.11.2025 &#8211; 17:00 in der Stadtkriche Lindow!<\/h2>\n\n\n\n<p>Ich m\u00f6chte euch gerne auf ein wunderbares neues Projekt hinweisen:<\/p>\n\n\n\n<p>Unter der Leitung von Lena-Marie Juhrich findet am 1.November ein Bassgeiegenkonzert  erstmalig im Rahmen des neuen Projekts &#8222;Bassgeiegengala &#8211; on Tour&#8220; statt.<\/p>\n\n\n\n<p>Mehr <a href=\"https:\/\/bassgeigengala.de\/wordpress\/wp-content\/uploads\/2025\/10\/BGG-on-Tour.Lindow.pdf\" data-type=\"attachment\" data-id=\"2464\">Details dazu findet ihr hier im Flyer<\/a>.<\/p>\n\n\n\n<p>Lena-Marie freut sich auf euch!<\/p>\n\n\n\n<hr class=\"wp-block-separator has-alpha-channel-opacity is-style-wide\"\/>\n\n\n\n<h2 class=\"wp-block-heading\">Die <strong>33. Bassgeigengala 13. \u2013 15. Juni 2025<\/strong> im R\u00fcckblick<\/h2>\n\n\n\n<p>Auf diesem Wege m\u00f6chte ich mich von ganzem Herzen f\u00fcr dieses unfassbar sch\u00f6ne gemeinsame Basswochenende bei euch allen bedanken, den Teilnehmern, Dozenten, Zuschauern, den Unterst\u00fctzern und Helfern und nat\u00fcrlich vor allem bei der Stadt Bernburg (einschlie\u00dflich der Jugendherberge) &#8211; es war ein wirklich w\u00fcrdiger Abschluss von insgesamt 66 Bassgeigenveranstaltungen!<br>Wir werden sehen, was die Zukunft bringen wird\u2026.<\/p>\n\n\n\n<p>Zur Erinnerung und f\u00fcr diejenigen, die nicht dabei sein konnten haben wir euch <a href=\"https:\/\/bassgeigengala.de\/?p=2413\" data-type=\"post\" data-id=\"2413\">hier eine kleine Galerie der fotografischen Eindr\u00fccke und auch Videos zusammengestellt<\/a>. Viel Freude beim nachsehen &amp; h\u00f6ren!<\/p>\n\n\n\n<p>Bleibt gesund und gl\u00fccklich-<br>AllerB\u00c4SSte Gr\u00fc\u00dfe<br>Ingo Burghausen<\/p>\n\n\n\n<hr class=\"wp-block-separator has-css-opacity aligncenter is-style-wide\"\/>\n\n\n\n<p class=\"has-black-color has-text-color has-link-color wp-elements-08cdab3e747f07e2829457c341378533\"><strong>Ank\u00fcndigung: 33. Bassgeigengala 13. \u2013 15. Juni 2025<\/strong><\/p>\n\n\n\n<figure class=\"wp-block-image size-large\"><img decoding=\"async\" width=\"773\" height=\"1200\" src=\"http:\/\/bassgeigengala.de\/wordpress\/wp-content\/uploads\/2025\/06\/IMG_2727-773x1200.jpg\" alt=\"\" class=\"wp-image-2392\" srcset=\"https:\/\/bassgeigengala.de\/wordpress\/wp-content\/uploads\/2025\/06\/IMG_2727-773x1200.jpg 773w, https:\/\/bassgeigengala.de\/wordpress\/wp-content\/uploads\/2025\/06\/IMG_2727-193x300.jpg 193w, https:\/\/bassgeigengala.de\/wordpress\/wp-content\/uploads\/2025\/06\/IMG_2727-768x1192.jpg 768w, https:\/\/bassgeigengala.de\/wordpress\/wp-content\/uploads\/2025\/06\/IMG_2727-990x1536.jpg 990w, https:\/\/bassgeigengala.de\/wordpress\/wp-content\/uploads\/2025\/06\/IMG_2727.jpg 1170w\" sizes=\"(max-width: 773px) 100vw, 773px\" \/><\/figure>\n\n\n\n<p class=\"has-blue-color has-text-color\"><a href=\"https:\/\/bassgeigengala.de\/?p=2368\" data-type=\"post\" data-id=\"2368\">Workshop und Konzerte f\u00fcr Kontrabassisten von 6 bis 96 Jahren<\/a><\/p>\n\n\n\n<p>Veranstalter: Stadt Bernburg (Saale), Schlossgartenstra\u00dfe 16, 06406 Bernburg (Saale)<\/p>\n\n\n\n<p>Leitung: Franz Blumenthal (Hamburg)<\/p>\n\n\n\n<p>Vom 13. bis 15. Juni 2025 findet in Bernburg (Saale) die 33. Bassgeigengala als Fest f\u00fcr alle Kontrabassisten statt, die Spa\u00df am gemeinsamen Musizieren haben, insbesondere Sch\u00fcler, aber auch Studenten, Freizeitbassisten und Profis.<br>Das Alter, der Leistungsstand und die Vorbildung sind nebens\u00e4chlich.<br>Gemeinsam mit den Dozenten wird ein Konzertprogramm im Bassorchester, in kleinen Besetzungen und im begrenzten Rahmen auch f\u00fcr solistische Auftritte erarbeitet. Innerhalb der Probenarbeit und nach dem Konzert am Samstag gibt es die Gelegenheit zum Erfahrungsaustausch.<br>Erarbeitet werden Kompositionen unterschiedlichster Zeitepochen und Stilrichtungen, meist mit aktuellem, historischem oder regionalem Bezug.<br>Lasst uns die Saiten zum fr\u00f6hlichen Schwingen und Singen bringen!<\/p>\n\n\n\n<p>Als Abschluss finden zwei Konzerte statt:<\/p>\n\n\n\n<div class=\"wp-block-group is-vertical is-layout-flex wp-container-core-group-is-layout-8cf370e7 wp-block-group-is-layout-flex\">\n<ul class=\"wp-block-list\">\n<li>am <strong>Samstag, dem 14. Juni 2025<\/strong>, um 17:00 Uhr, in der<strong> Schlosskirche St. Aegidien<\/strong>, im Rahmen des 24. Bernburger Schlossbergfestes sowie<\/li>\n<\/ul>\n\n\n\n<ul class=\"wp-block-list\">\n<li>am <strong>Sonntag, dem 15. Juni 2025<\/strong>, um 17:00 Uhr, im <strong>Schloss Mosigkau<\/strong> in<br>Dessau-Ro\u00dflau.<\/li>\n<\/ul>\n\n\n\n<p>Weitere Informationen f\u00fcr <a href=\"https:\/\/bassgeigengala.de\/?p=2368\" data-type=\"post\" data-id=\"2368\">Workshop- und Konzertinteressierte findet ihr hier!<\/a><\/p>\n<\/div>\n\n\n\n<figure class=\"wp-block-image size-large\"><img decoding=\"async\" width=\"1200\" height=\"798\" src=\"http:\/\/bassgeigengala.de\/wordpress\/wp-content\/uploads\/2024\/03\/BGG-2024-Bild-1200x798.png\" alt=\"\" class=\"wp-image-2182\" srcset=\"https:\/\/bassgeigengala.de\/wordpress\/wp-content\/uploads\/2024\/03\/BGG-2024-Bild-1200x798.png 1200w, https:\/\/bassgeigengala.de\/wordpress\/wp-content\/uploads\/2024\/03\/BGG-2024-Bild-300x199.png 300w, https:\/\/bassgeigengala.de\/wordpress\/wp-content\/uploads\/2024\/03\/BGG-2024-Bild-768x511.png 768w, https:\/\/bassgeigengala.de\/wordpress\/wp-content\/uploads\/2024\/03\/BGG-2024-Bild-1536x1021.png 1536w, https:\/\/bassgeigengala.de\/wordpress\/wp-content\/uploads\/2024\/03\/BGG-2024-Bild-451x300.png 451w, https:\/\/bassgeigengala.de\/wordpress\/wp-content\/uploads\/2024\/03\/BGG-2024-Bild.png 1868w\" sizes=\"(max-width: 1200px) 100vw, 1200px\" \/><\/figure>\n\n\n\n<hr class=\"wp-block-separator has-css-opacity aligncenter is-style-wide\"\/>\n\n\n\n<h1 class=\"wp-block-heading has-black-color has-text-color has-link-color has-medium-font-size wp-elements-4c40e50f4d17b6e2d0f8bfe79fcad0bc\">33. Dessauer Bassgeigenweihnacht<\/h1>\n\n\n\n<p>Seit \u00fcber 30 Jahren\u2026 \u2026danke f\u00fcr das herzliche Interesse.<\/p>\n\n\n\n<p>Die 33. Bassgeigenweihnacht gemeinsam mit der Violinklasse von Viktoria Barabakh war ein w\u00fcrdiger Abschluss und f\u00fcr die gro\u00dfe Unterst\u00fctzung danke ich pers\u00f6nlich dem F\u00f6rderkreis der Musikschule \u201eKurt Weill\u201c.<\/p>\n\n\n\n<p>Einen Beitrag mit einigen <a href=\"http:\/\/bassgeigengala.de\/?p=2326\" data-type=\"post\" data-id=\"2326\">Impressionen (Bilder &amp; Videos) findet ihr hier<\/a>.<\/p>\n\n\n\n<p><br>Die 33. Bassgeigengala wird dann planm\u00e4\u00dfig Franz Blumenthal leiten und er wird dann nat\u00fcrlich auch diese Seite mit Informationen best\u00fccken.<br>Viel Freude beim st\u00f6bern in den Erinnerungen und vor allem eine gute freudvolle musikalische Zukunft!<br>Alles Gute \ud83c\udf40<br>Euer Ingo Burghausen<\/p>\n\n\n\n<figure class=\"wp-block-image size-large\"><img decoding=\"async\" width=\"1200\" height=\"900\" src=\"http:\/\/bassgeigengala.de\/wordpress\/wp-content\/uploads\/2024\/11\/Bild-Medieninfo-BGW-1200x900.jpg\" alt=\"\" class=\"wp-image-2292\" srcset=\"https:\/\/bassgeigengala.de\/wordpress\/wp-content\/uploads\/2024\/11\/Bild-Medieninfo-BGW-1200x900.jpg 1200w, https:\/\/bassgeigengala.de\/wordpress\/wp-content\/uploads\/2024\/11\/Bild-Medieninfo-BGW-300x225.jpg 300w, https:\/\/bassgeigengala.de\/wordpress\/wp-content\/uploads\/2024\/11\/Bild-Medieninfo-BGW-768x576.jpg 768w, https:\/\/bassgeigengala.de\/wordpress\/wp-content\/uploads\/2024\/11\/Bild-Medieninfo-BGW-400x300.jpg 400w, https:\/\/bassgeigengala.de\/wordpress\/wp-content\/uploads\/2024\/11\/Bild-Medieninfo-BGW.jpg 1205w\" sizes=\"(max-width: 1200px) 100vw, 1200px\" \/><\/figure>\n\n\n\n<p><\/p>\n","protected":false},"excerpt":{"rendered":"<p>Auf unserer Internetseite erfahrt ihr alles Wissenswerte rund um die Bassgeigengala und -weihnacht &#8211; Egal ob aktuelle Termine, Fotoimpressionen oder Videos der vergangenen Jahre. Auch bei den sozialen Netzwerken sind wir zu finden, sodass ihr nie wieder etwas verpasst. \u00a0 &hellip; <a href=\"https:\/\/bassgeigengala.de\/\">Weiterlesen <span class=\"meta-nav\">&rarr;<\/span><\/a><\/p>\n","protected":false},"author":1,"featured_media":1627,"parent":0,"menu_order":0,"comment_status":"closed","ping_status":"closed","template":"","meta":{"footnotes":""},"class_list":["post-2","page","type-page","status-publish","has-post-thumbnail","hentry"],"_links":{"self":[{"href":"https:\/\/bassgeigengala.de\/index.php?rest_route=\/wp\/v2\/pages\/2","targetHints":{"allow":["GET"]}}],"collection":[{"href":"https:\/\/bassgeigengala.de\/index.php?rest_route=\/wp\/v2\/pages"}],"about":[{"href":"https:\/\/bassgeigengala.de\/index.php?rest_route=\/wp\/v2\/types\/page"}],"author":[{"embeddable":true,"href":"https:\/\/bassgeigengala.de\/index.php?rest_route=\/wp\/v2\/users\/1"}],"replies":[{"embeddable":true,"href":"https:\/\/bassgeigengala.de\/index.php?rest_route=%2Fwp%2Fv2%2Fcomments&post=2"}],"version-history":[{"count":257,"href":"https:\/\/bassgeigengala.de\/index.php?rest_route=\/wp\/v2\/pages\/2\/revisions"}],"predecessor-version":[{"id":2467,"href":"https:\/\/bassgeigengala.de\/index.php?rest_route=\/wp\/v2\/pages\/2\/revisions\/2467"}],"wp:featuredmedia":[{"embeddable":true,"href":"https:\/\/bassgeigengala.de\/index.php?rest_route=\/wp\/v2\/media\/1627"}],"wp:attachment":[{"href":"https:\/\/bassgeigengala.de\/index.php?rest_route=%2Fwp%2Fv2%2Fmedia&parent=2"}],"curies":[{"name":"wp","href":"https:\/\/api.w.org\/{rel}","templated":true}]}}